{"id":2,"date":"2011-09-19T20:12:29","date_gmt":"2011-09-19T18:12:29","guid":{"rendered":"http:\/\/hess.priv.no\/blog\/?page_id=2"},"modified":"2012-05-12T18:39:44","modified_gmt":"2012-05-12T16:39:44","slug":"proveside","status":"publish","type":"page","link":"https:\/\/hess.priv.no\/?page_id=2","title":{"rendered":"Start av motoren (b\u00e5ten)"},"content":{"rendered":"<p>Start av motoren (fra brukerh\u00e5ndboken)<\/p>\n<p>1. Koble til str\u00f8mmen med hovedbryteren. R\u00f8d n\u00f8kkel, under baksetet. N\u00f8kkelen m\u00e5 tas av n\u00f8kkelknippet.<\/p>\n<p><a href=\"https:\/\/hess.priv.no\/blog\/wp-content\/uploads\/2011\/07\/20110731-012212.jpg\"><img decoding=\"async\" class=\"alignnone size-full\" src=\"https:\/\/hess.priv.no\/blog\/wp-content\/uploads\/2011\/07\/20110731-012212.jpg\" alt=\"20110731-012212.jpg\" \/><\/a><br \/>\nPump opp bensintrykket (bl\u00f8ra skal v\u00e6re helt hard).<\/p>\n<p><a href=\"https:\/\/hess.priv.no\/blog\/wp-content\/uploads\/2011\/07\/20110731-012417.jpg\"><img decoding=\"async\" class=\"alignnone size-full\" src=\"https:\/\/hess.priv.no\/blog\/wp-content\/uploads\/2011\/07\/20110731-012417.jpg\" alt=\"20110731-012417.jpg\" \/><\/a><\/p>\n<p>2. Fest d\u00f8dmannsknappen rundt h\u00e5ndleddet.<\/p>\n<p>3. Senk motoren i kj\u00f8restilling gjennom \u00e5 trykke p\u00e5 bryteren som finnes i fartsspaken.<\/p>\n<p><a href=\"https:\/\/hess.priv.no\/blog\/wp-content\/uploads\/2011\/07\/20110731-012558.jpg\"><img decoding=\"async\" class=\"alignnone size-full\" src=\"https:\/\/hess.priv.no\/blog\/wp-content\/uploads\/2011\/07\/20110731-012558.jpg\" alt=\"20110731-012558.jpg\" \/><\/a><br \/>\n4. Kontroller at fartsspaken er i fri (st\u00e5r rett opp).<\/p>\n<p>5. Sl\u00e5 av startsperren med fjernkontrollen p\u00e5 n\u00f8kkelknippet.<\/p>\n<p><a href=\"https:\/\/hess.priv.no\/blog\/wp-content\/uploads\/2011\/07\/20110731-012716.jpg\"><img decoding=\"async\" class=\"alignnone size-full\" src=\"https:\/\/hess.priv.no\/blog\/wp-content\/uploads\/2011\/07\/20110731-012716.jpg\" alt=\"20110731-012716.jpg\" \/><\/a><br \/>\n6. Start motoren med \u00e5 vri str\u00f8mn\u00f8kkelen medsols.<\/p>\n<p><a href=\"https:\/\/hess.priv.no\/blog\/wp-content\/uploads\/2011\/07\/20110731-012904.jpg\"><img decoding=\"async\" class=\"alignnone size-full\" src=\"https:\/\/hess.priv.no\/blog\/wp-content\/uploads\/2011\/07\/20110731-012904.jpg\" alt=\"20110731-012904.jpg\" \/><\/a><br \/>\n7. N\u00e5r motoren har startet b\u00f8r den g\u00e5 p\u00e5 tomgang noen minutter f\u00f8r du begynner \u00e5 kj\u00f8re\/seile.<\/p>\n","protected":false},"excerpt":{"rendered":"<p>Start av motoren (fra brukerh\u00e5ndboken) 1. Koble til str\u00f8mmen med hovedbryteren. R\u00f8d n\u00f8kkel, under baksetet. N\u00f8kkelen m\u00e5 tas av n\u00f8kkelknippet. Pump opp bensintrykket (bl\u00f8ra skal v\u00e6re helt hard). 2. Fest d\u00f8dmannsknappen rundt h\u00e5ndleddet. 3. Senk motoren i kj\u00f8restilling gjennom \u00e5 trykke p\u00e5 bryteren som finnes i fartsspaken. 4. Kontroller at fartsspaken er i fri (st\u00e5r [&hellip;]<\/p>\n","protected":false},"author":1,"featured_media":0,"parent":0,"menu_order":0,"comment_status":"open","ping_status":"open","template":"","meta":{"footnotes":""},"class_list":["post-2","page","type-page","status-publish","hentry","eq-blocks"],"_links":{"self":[{"href":"https:\/\/hess.priv.no\/index.php?rest_route=\/wp\/v2\/pages\/2","targetHints":{"allow":["GET"]}}],"collection":[{"href":"https:\/\/hess.priv.no\/index.php?rest_route=\/wp\/v2\/pages"}],"about":[{"href":"https:\/\/hess.priv.no\/index.php?rest_route=\/wp\/v2\/types\/page"}],"author":[{"embeddable":true,"href":"https:\/\/hess.priv.no\/index.php?rest_route=\/wp\/v2\/users\/1"}],"replies":[{"embeddable":true,"href":"https:\/\/hess.priv.no\/index.php?rest_route=%2Fwp%2Fv2%2Fcomments&post=2"}],"version-history":[{"count":35,"href":"https:\/\/hess.priv.no\/index.php?rest_route=\/wp\/v2\/pages\/2\/revisions"}],"predecessor-version":[{"id":366,"href":"https:\/\/hess.priv.no\/index.php?rest_route=\/wp\/v2\/pages\/2\/revisions\/366"}],"wp:attachment":[{"href":"https:\/\/hess.priv.no\/index.php?rest_route=%2Fwp%2Fv2%2Fmedia&parent=2"}],"curies":[{"name":"wp","href":"https:\/\/api.w.org\/{rel}","templated":true}]}}