{"id":378,"date":"2012-05-13T20:37:30","date_gmt":"2012-05-13T18:37:30","guid":{"rendered":"http:\/\/hess.priv.no\/blog\/?page_id=378"},"modified":"2025-04-12T19:36:10","modified_gmt":"2025-04-12T17:36:10","slug":"hytteregler","status":"publish","type":"page","link":"https:\/\/hess.priv.no\/?page_id=378","title":{"rendered":"Sjekklister"},"content":{"rendered":"\n<p>N\u00e5r du forlater hytta<\/p>\n\n\n\n<ul class=\"wp-block-list\">\n<li>Skru ovnen til 10 grader p\u00e5 badet og toalettet. 22 grader i stua. <\/li>\n\n\n\n<li>Skru av vannet (obs! oppvaskmaskinen m\u00e5 v\u00e6re ferdig)<\/li>\n\n\n\n<li>Sjekk at alle vinduer er lukket<\/li>\n\n\n\n<li>St\u00f8vsug hytta &#8211; vask overflatene<\/li>\n\n\n\n<li>Ta ned persiennene<\/li>\n\n\n\n<li>La d\u00f8rene til soverommene st\u00e5 p\u00e5 gl\u00f8tt<\/li>\n<\/ul>\n\n\n\n<p>N\u00e5r du kommer til hytta<\/p>\n\n\n\n<ul class=\"wp-block-list\">\n<li>Gi beskjed til Stig s\u00e5nn at varmen er skrudd p\u00e5 (i god tid)<\/li>\n\n\n\n<li>Skru p\u00e5 vannet (p\u00e5 badet)<\/li>\n\n\n\n<li>Alle ovner (badet, toalettet og stua) stilles inn p\u00e5 25 grader.<\/li>\n<\/ul>\n\n\n\n<p>[hls_player url=&raquo;http:\/\/192.168.3.31:1984\/api\/stream.m3u8?src=terrasse_sub&raquo;]<\/p>\n\n\n\n<p><\/p>\n","protected":false},"excerpt":{"rendered":"<p>N\u00e5r du forlater hytta N\u00e5r du kommer til hytta [hls_player url=&raquo;http:\/\/192.168.3.31:1984\/api\/stream.m3u8?src=terrasse_sub&raquo;]<\/p>\n","protected":false},"author":3,"featured_media":0,"parent":0,"menu_order":0,"comment_status":"open","ping_status":"open","template":"","meta":{"footnotes":""},"class_list":["post-378","page","type-page","status-publish","hentry","eq-blocks"],"_links":{"self":[{"href":"https:\/\/hess.priv.no\/index.php?rest_route=\/wp\/v2\/pages\/378","targetHints":{"allow":["GET"]}}],"collection":[{"href":"https:\/\/hess.priv.no\/index.php?rest_route=\/wp\/v2\/pages"}],"about":[{"href":"https:\/\/hess.priv.no\/index.php?rest_route=\/wp\/v2\/types\/page"}],"author":[{"embeddable":true,"href":"https:\/\/hess.priv.no\/index.php?rest_route=\/wp\/v2\/users\/3"}],"replies":[{"embeddable":true,"href":"https:\/\/hess.priv.no\/index.php?rest_route=%2Fwp%2Fv2%2Fcomments&post=378"}],"version-history":[{"count":7,"href":"https:\/\/hess.priv.no\/index.php?rest_route=\/wp\/v2\/pages\/378\/revisions"}],"predecessor-version":[{"id":7390,"href":"https:\/\/hess.priv.no\/index.php?rest_route=\/wp\/v2\/pages\/378\/revisions\/7390"}],"wp:attachment":[{"href":"https:\/\/hess.priv.no\/index.php?rest_route=%2Fwp%2Fv2%2Fmedia&parent=378"}],"curies":[{"name":"wp","href":"https:\/\/api.w.org\/{rel}","templated":true}]}}